{"id":7469,"date":"2025-03-26T10:27:43","date_gmt":"2025-03-26T09:27:43","guid":{"rendered":"https:\/\/www.bgilaw.com\/?page_id=7469"},"modified":"2025-05-29T20:45:07","modified_gmt":"2025-05-29T18:45:07","slug":"salvador-cabello","status":"publish","type":"page","link":"https:\/\/www.bgilaw.com\/en\/salvador-cabello\/","title":{"rendered":"SALVADOR CABELLO"},"content":{"rendered":"<p>[et_pb_section fb_built=&#8221;1&#8243; disabled_on=&#8221;off|off|off&#8221; _builder_version=&#8221;4.23.1&#8243; _module_preset=&#8221;default&#8221; background_enable_pattern_style=&#8221;on&#8221; background_pattern_style=&#8221;diagonal-stripes-2&#8243; background_pattern_color=&#8221;rgba(179,179,179,0.1)&#8221; background_pattern_transform=&#8221;invert&#8221; custom_margin=&#8221;||||false|false&#8221; custom_padding=&#8221;0px||||false|false&#8221; global_colors_info=&#8221;{%22gcid-2f3f3e09-0a26-4ea7-8906-5e1128945e3f%22:%91%22background_color_gradient_stops%22%93,%22gcid-9fa4a1b6-767d-41ca-984c-a6f10449c843%22:%91%22background_color_gradient_stops%22%93}&#8221;][et_pb_row column_structure=&#8221;1_4,3_4&#8243; _builder_version=&#8221;4.23.1&#8243; _module_preset=&#8221;default&#8221; width_tablet=&#8221;89%&#8221; width_phone=&#8221;89%&#8221; width_last_edited=&#8221;on|phone&#8221; max_width=&#8221;1360px&#8221; module_alignment=&#8221;center&#8221; global_colors_info=&#8221;{}&#8221;][et_pb_column type=&#8221;1_4&#8243; _builder_version=&#8221;4.23.1&#8243; _module_preset=&#8221;default&#8221; custom_padding=&#8221;||||false|false&#8221; custom_padding_tablet=&#8221;|21vw||21vw|false|true&#8221; custom_padding_phone=&#8221;|6vw||6vw|false|true&#8221; custom_padding_last_edited=&#8221;on|phone&#8221; global_colors_info=&#8221;{}&#8221;][et_pb_team_member name=&#8221;SALVADOR CABELLO&#8221; position=&#8221;Lawyer&#8221; image_url=&#8221;https:\/\/www.bgilaw.com\/wp-content\/uploads\/2025\/05\/Salvador-Cabello.webp&#8221; linkedin_url=&#8221;https:\/\/www.linkedin.com\/in\/salvador-cabello-guill%C3%A9n-1a375757\/&#8221; use_icon_font_size=&#8221;on&#8221; disabled_on=&#8221;off|off|off&#8221; _builder_version=&#8221;4.27.4&#8243; _module_preset=&#8221;default&#8221; header_font=&#8221;|300|||||||&#8221; header_text_align=&#8221;center&#8221; header_text_color=&#8221;#FFFFFF&#8221; header_font_size=&#8221;16px&#8221; header_line_height=&#8221;1.2em&#8221; position_font=&#8221;|600|||||||&#8221; position_text_align=&#8221;center&#8221; position_text_color=&#8221;#FCC664&#8243; position_letter_spacing=&#8221;4px&#8221; background_enable_color=&#8221;off&#8221; use_background_color_gradient=&#8221;on&#8221; background_color_gradient_stops=&#8221;#003153 0%|#003153 100%&#8221; background_enable_image=&#8221;off&#8221; background_size=&#8221;contain&#8221; background_blend=&#8221;multiply&#8221; text_orientation=&#8221;center&#8221; module_alignment=&#8221;center&#8221; height_tablet=&#8221;auto&#8221; height_phone=&#8221;auto&#8221; height_last_edited=&#8221;on|phone&#8221; animation_style=&#8221;slide&#8221; hover_enabled=&#8221;0&#8243; border_radii=&#8221;on|10px|10px|10px|10px&#8221; border_width_all=&#8221;1px&#8221; border_color_all=&#8221;#FFFFFF&#8221; box_shadow_style=&#8221;preset3&#8243; saved_tabs=&#8221;all&#8221; global_colors_info=&#8221;{}&#8221; background_color__hover=&#8221;#003153&#8243; background_enable_color__hover=&#8221;off&#8221; position_text_color__hover=&#8221;#FCC664&#8243; position_text_color__hover_enabled=&#8221;on|hover&#8221; background_size__hover=&#8221;contain&#8221; background_blend__hover=&#8221;multiply&#8221; background_enable_image__hover=&#8221;off&#8221; parallax__hover=&#8221;off&#8221; use_background_color_gradient__hover=&#8221;on&#8221; background_color_gradient_stops__hover=&#8221;#003153 80%|#051c2e 90%|#0a0202 100%&#8221; background__hover_enabled=&#8221;on|hover&#8221; alt=&#8221;BGI Salvador Cabello&#8221; title_text=&#8221;Salvador Cabello&#8221; sticky_enabled=&#8221;0&#8243;]<\/p>\n<div class=\"dh_person_email\">scabello@bgilaw.com<\/div>\n<p>[\/et_pb_team_member][\/et_pb_column][et_pb_column type=&#8221;3_4&#8243; _builder_version=&#8221;4.23.1&#8243; _module_preset=&#8221;default&#8221; global_colors_info=&#8221;{}&#8221;][et_pb_heading title=&#8221;@ET-DC@eyJkeW5hbWljIjp0cnVlLCJjb250ZW50IjoicG9zdF90aXRsZSIsInNldHRpbmdzIjp7ImJlZm9yZSI6IiIsImFmdGVyIjoiIiwiZW5hYmxlX2h0bWwiOiJvZmYifX0=@&#8221; _builder_version=&#8221;4.23.1&#8243; _dynamic_attributes=&#8221;title&#8221; _module_preset=&#8221;default&#8221; title_font=&#8221;|300|||||||&#8221; title_font_size=&#8221;32px&#8221; custom_margin=&#8221;||1vh||false|false&#8221; custom_padding=&#8221;||||false|false&#8221; animation_style=&#8221;slide&#8221; animation_direction=&#8221;right&#8221; title_text_align_tablet=&#8221;center&#8221; title_text_align_phone=&#8221;center&#8221; title_text_align_last_edited=&#8221;on|phone&#8221; title_font_size_tablet=&#8221;28px&#8221; title_font_size_phone=&#8221;24px&#8221; title_font_size_last_edited=&#8221;on|phone&#8221; global_colors_info=&#8221;{}&#8221;][\/et_pb_heading][et_pb_text _builder_version=&#8221;4.27.4&#8243; _module_preset=&#8221;default&#8221; header_4_font=&#8221;|300|||||||&#8221; header_4_text_color=&#8221;#727272&#8243; animation_style=&#8221;slide&#8221; animation_direction=&#8221;right&#8221; text_orientation_tablet=&#8221;center&#8221; text_orientation_phone=&#8221;center&#8221; text_orientation_last_edited=&#8221;on|phone&#8221; global_colors_info=&#8221;{}&#8221;]<\/p>\n<h4>Lawyer<\/h4>\n<p>[\/et_pb_text][et_pb_image src=&#8221;https:\/\/www.bgilaw.com\/wp-content\/uploads\/2023\/06\/sep_naranja.png&#8221; align_tablet=&#8221;center&#8221; align_phone=&#8221;center&#8221; align_last_edited=&#8221;on|phone&#8221; _builder_version=&#8221;4.23.1&#8243; _module_preset=&#8221;default&#8221; animation_style=&#8221;slide&#8221; animation_direction=&#8221;right&#8221; global_colors_info=&#8221;{}&#8221;][\/et_pb_image][et_pb_text _builder_version=&#8221;4.27.4&#8243; _module_preset=&#8221;default&#8221; text_font=&#8221;|300|||||||&#8221; text_orientation=&#8221;justified&#8221; animation_style=&#8221;slide&#8221; animation_direction=&#8221;right&#8221; global_colors_info=&#8221;{}&#8221;]<\/p>\n<p>Practising lawyer in the Extrajudicial Department, specialized in Commercial and Business Law.<\/p>\n<p>He holds a Master\u2019s Degree in Legal Practice from the University of M\u00e1laga and a Master\u2019s Degree in Business Law, Arbitration and Alternative Dispute Resolution (ADR) from ISDE and the Madrid Court of Arbitration.<\/p>\n<p>He has seven years of professional experience focused on Business Law, Litigation and Arbitration.<\/p>\n<p>[\/et_pb_text][et_pb_text _builder_version=&#8221;4.23.1&#8243; _module_preset=&#8221;default&#8221; custom_padding=&#8221;||0px|||&#8221; animation_style=&#8221;slide&#8221; animation_direction=&#8221;right&#8221; text_orientation_tablet=&#8221;center&#8221; text_orientation_phone=&#8221;center&#8221; text_orientation_last_edited=&#8221;on|phone&#8221; global_colors_info=&#8221;{}&#8221;]<\/p>\n<p><a href=\"#\" title=\"Spanish\"><img decoding=\"async\" src=\"https:\/\/www.bgilaw.com\/wp-content\/uploads\/2023\/11\/espanol.png\"><\/a> <a href=\"#\" title=\"English\"><img decoding=\"async\" src=\"https:\/\/www.bgilaw.com\/wp-content\/uploads\/2023\/11\/ingles.png\"><\/a><\/p>\n<p>[\/et_pb_text][et_pb_text _builder_version=&#8221;4.27.4&#8243; _module_preset=&#8221;default&#8221; header_4_font=&#8221;||||||||&#8221; header_4_text_color=&#8221;#003153&#8243; header_4_font_size=&#8221;20px&#8221; animation_style=&#8221;slide&#8221; animation_direction=&#8221;right&#8221; header_4_text_align_tablet=&#8221;center&#8221; header_4_text_align_phone=&#8221;center&#8221; header_4_text_align_last_edited=&#8221;on|phone&#8221; header_4_font_size_tablet=&#8221;18px&#8221; header_4_font_size_phone=&#8221;16px&#8221; header_4_font_size_last_edited=&#8221;on|phone&#8221; global_colors_info=&#8221;{}&#8221;]<\/p>\n<h4>Specialties<\/h4>\n<p>[\/et_pb_text][et_pb_text _builder_version=&#8221;4.27.4&#8243; _module_preset=&#8221;default&#8221; text_font=&#8221;|300|||||||&#8221; animation_style=&#8221;slide&#8221; animation_direction=&#8221;right&#8221; text_orientation_tablet=&#8221;center&#8221; text_orientation_phone=&#8221;center&#8221; text_orientation_last_edited=&#8221;on|phone&#8221; global_colors_info=&#8221;{}&#8221;]<\/p>\n<p><a href=\"https:\/\/www.bgilaw.com\/en\/services\/legal-services\/commercial-bankruptcy-and-corporate-law\/\">Commercial, Bankruptcy and Corporate Law<\/a><br \/><a href=\"https:\/\/www.bgilaw.com\/en\/services\/legal-services\/procedural-law-and-arbitration\/\">Procedural Law and Arbitration<\/a><br \/><a href=\"https:\/\/www.bgilaw.com\/en\/services\/real-estate-law\/\">Real Estate Law<\/a><\/p>\n<p>[\/et_pb_text][et_pb_button button_url=&#8221;https:\/\/www.bgilaw.com\/en\/our-team\/&#8221; button_text=&#8221;BGI LAW Team&#8221; button_alignment=&#8221;center&#8221; _builder_version=&#8221;4.27.4&#8243; _module_preset=&#8221;default&#8221; custom_margin=&#8221;10vh||||false|false&#8221; animation_style=&#8221;slide&#8221; animation_direction=&#8221;right&#8221; locked=&#8221;off&#8221; global_colors_info=&#8221;{}&#8221;][\/et_pb_button][\/et_pb_column][\/et_pb_row][\/et_pb_section]<\/p>\n","protected":false},"excerpt":{"rendered":"<p>scabello@bgilaw.comLawyerPractising lawyer in the Extrajudicial Department, specialized in Commercial and Business Law. He holds a Master\u2019s Degree in Legal Practice from the University of M\u00e1laga and a Master\u2019s Degree in Business Law, Arbitration and Alternative Dispute Resolution (ADR) from ISDE and the Madrid Court of Arbitration. He has seven years of professional experience focused on [&hellip;]<\/p>\n","protected":false},"author":2,"featured_media":7459,"parent":0,"menu_order":0,"comment_status":"closed","ping_status":"closed","template":"","meta":{"_et_pb_use_builder":"on","_et_pb_old_content":"","_et_gb_content_width":"","footnotes":""},"class_list":["post-7469","page","type-page","status-publish","has-post-thumbnail","hentry"],"yoast_head":"<!-- This site is optimized with the Yoast SEO plugin v27.5 - https:\/\/yoast.com\/product\/yoast-seo-wordpress\/ -->\n<title>SALVADOR CABELLO - BGI LAW<\/title>\n<meta name=\"description\" content=\"M\u00e1ster de la Abogac\u00eda por la UMA y M\u00e1ster en Derecho de los Negocios, Arbitraje y ADR por el ISDE &amp; Corte de Arbitraje de Madrid.\" \/>\n<meta name=\"robots\" content=\"index, follow, max-snippet:-1, max-image-preview:large, max-video-preview:-1\" \/>\n<link rel=\"canonical\" href=\"https:\/\/www.bgilaw.com\/en\/salvador-cabello\/\" \/>\n<meta property=\"og:locale\" content=\"en_US\" \/>\n<meta property=\"og:type\" content=\"article\" \/>\n<meta property=\"og:title\" content=\"SALVADOR CABELLO - BGI LAW\" \/>\n<meta property=\"og:description\" content=\"M\u00e1ster de la Abogac\u00eda por la UMA y M\u00e1ster en Derecho de los Negocios, Arbitraje y ADR por el ISDE &amp; Corte de Arbitraje de Madrid.\" \/>\n<meta property=\"og:url\" content=\"https:\/\/www.bgilaw.com\/en\/salvador-cabello\/\" \/>\n<meta property=\"og:site_name\" content=\"BGI LAW\" \/>\n<meta property=\"article:publisher\" content=\"https:\/\/www.facebook.com\/bgilawabogados\" \/>\n<meta property=\"article:modified_time\" content=\"2025-05-29T18:45:07+00:00\" \/>\n<meta property=\"og:image\" content=\"https:\/\/www.bgilaw.com\/wp-content\/uploads\/2025\/03\/salvador_cabello_guillen.webp\" \/>\n\t<meta property=\"og:image:width\" content=\"400\" \/>\n\t<meta property=\"og:image:height\" content=\"600\" \/>\n\t<meta property=\"og:image:type\" content=\"image\/webp\" \/>\n<meta name=\"twitter:card\" content=\"summary_large_image\" \/>\n<meta name=\"twitter:site\" content=\"@bgilaw\" \/>\n<meta name=\"twitter:label1\" content=\"Est. reading time\" \/>\n\t<meta name=\"twitter:data1\" content=\"2 minutes\" \/>\n<script type=\"application\/ld+json\" class=\"yoast-schema-graph\">{\"@context\":\"https:\\\/\\\/schema.org\",\"@graph\":[{\"@type\":\"WebPage\",\"@id\":\"https:\\\/\\\/www.bgilaw.com\\\/en\\\/salvador-cabello\\\/\",\"url\":\"https:\\\/\\\/www.bgilaw.com\\\/en\\\/salvador-cabello\\\/\",\"name\":\"SALVADOR CABELLO - BGI LAW\",\"isPartOf\":{\"@id\":\"https:\\\/\\\/www.bgilaw.com\\\/en\\\/#website\"},\"primaryImageOfPage\":{\"@id\":\"https:\\\/\\\/www.bgilaw.com\\\/en\\\/salvador-cabello\\\/#primaryimage\"},\"image\":{\"@id\":\"https:\\\/\\\/www.bgilaw.com\\\/en\\\/salvador-cabello\\\/#primaryimage\"},\"thumbnailUrl\":\"https:\\\/\\\/www.bgilaw.com\\\/wp-content\\\/uploads\\\/2025\\\/03\\\/salvador_cabello_guillen.webp\",\"datePublished\":\"2025-03-26T09:27:43+00:00\",\"dateModified\":\"2025-05-29T18:45:07+00:00\",\"description\":\"M\u00e1ster de la Abogac\u00eda por la UMA y M\u00e1ster en Derecho de los Negocios, Arbitraje y ADR por el ISDE & Corte de Arbitraje de Madrid.\",\"breadcrumb\":{\"@id\":\"https:\\\/\\\/www.bgilaw.com\\\/en\\\/salvador-cabello\\\/#breadcrumb\"},\"inLanguage\":\"en-US\",\"potentialAction\":[{\"@type\":\"ReadAction\",\"target\":[\"https:\\\/\\\/www.bgilaw.com\\\/en\\\/salvador-cabello\\\/\"]}]},{\"@type\":\"ImageObject\",\"inLanguage\":\"en-US\",\"@id\":\"https:\\\/\\\/www.bgilaw.com\\\/en\\\/salvador-cabello\\\/#primaryimage\",\"url\":\"https:\\\/\\\/www.bgilaw.com\\\/wp-content\\\/uploads\\\/2025\\\/03\\\/salvador_cabello_guillen.webp\",\"contentUrl\":\"https:\\\/\\\/www.bgilaw.com\\\/wp-content\\\/uploads\\\/2025\\\/03\\\/salvador_cabello_guillen.webp\",\"width\":400,\"height\":600,\"caption\":\"Salvador Cabello Guill\u00e9n\"},{\"@type\":\"BreadcrumbList\",\"@id\":\"https:\\\/\\\/www.bgilaw.com\\\/en\\\/salvador-cabello\\\/#breadcrumb\",\"itemListElement\":[{\"@type\":\"ListItem\",\"position\":1,\"name\":\"Home\",\"item\":\"https:\\\/\\\/www.bgilaw.com\\\/en\\\/\"},{\"@type\":\"ListItem\",\"position\":2,\"name\":\"SALVADOR CABELLO\"}]},{\"@type\":\"WebSite\",\"@id\":\"https:\\\/\\\/www.bgilaw.com\\\/en\\\/#website\",\"url\":\"https:\\\/\\\/www.bgilaw.com\\\/en\\\/\",\"name\":\"BGI LAW Abogados\",\"description\":\"Lawyers\",\"publisher\":{\"@id\":\"https:\\\/\\\/www.bgilaw.com\\\/en\\\/#organization\"},\"alternateName\":\"BGILAW\",\"potentialAction\":[{\"@type\":\"SearchAction\",\"target\":{\"@type\":\"EntryPoint\",\"urlTemplate\":\"https:\\\/\\\/www.bgilaw.com\\\/en\\\/?s={search_term_string}\"},\"query-input\":{\"@type\":\"PropertyValueSpecification\",\"valueRequired\":true,\"valueName\":\"search_term_string\"}}],\"inLanguage\":\"en-US\"},{\"@type\":\"Organization\",\"@id\":\"https:\\\/\\\/www.bgilaw.com\\\/en\\\/#organization\",\"name\":\"BGI LAW Abogados\",\"alternateName\":\"BGI LAW\",\"url\":\"https:\\\/\\\/www.bgilaw.com\\\/en\\\/\",\"logo\":{\"@type\":\"ImageObject\",\"inLanguage\":\"en-US\",\"@id\":\"https:\\\/\\\/www.bgilaw.com\\\/en\\\/#\\\/schema\\\/logo\\\/image\\\/\",\"url\":\"https:\\\/\\\/www.bgilaw.com\\\/wp-content\\\/uploads\\\/2023\\\/06\\\/logotipo_BGI-LAW_640.png\",\"contentUrl\":\"https:\\\/\\\/www.bgilaw.com\\\/wp-content\\\/uploads\\\/2023\\\/06\\\/logotipo_BGI-LAW_640.png\",\"width\":640,\"height\":640,\"caption\":\"BGI LAW Abogados\"},\"image\":{\"@id\":\"https:\\\/\\\/www.bgilaw.com\\\/en\\\/#\\\/schema\\\/logo\\\/image\\\/\"},\"sameAs\":[\"https:\\\/\\\/www.facebook.com\\\/bgilawabogados\",\"https:\\\/\\\/x.com\\\/bgilaw\",\"https:\\\/\\\/www.linkedin.com\\\/company\\\/bgilaw\",\"https:\\\/\\\/www.instagram.com\\\/bgilaw\"]}]}<\/script>\n<!-- \/ Yoast SEO plugin. -->","yoast_head_json":{"title":"SALVADOR CABELLO - BGI LAW","description":"M\u00e1ster de la Abogac\u00eda por la UMA y M\u00e1ster en Derecho de los Negocios, Arbitraje y ADR por el ISDE & Corte de Arbitraje de Madrid.","robots":{"index":"index","follow":"follow","max-snippet":"max-snippet:-1","max-image-preview":"max-image-preview:large","max-video-preview":"max-video-preview:-1"},"canonical":"https:\/\/www.bgilaw.com\/en\/salvador-cabello\/","og_locale":"en_US","og_type":"article","og_title":"SALVADOR CABELLO - BGI LAW","og_description":"M\u00e1ster de la Abogac\u00eda por la UMA y M\u00e1ster en Derecho de los Negocios, Arbitraje y ADR por el ISDE & Corte de Arbitraje de Madrid.","og_url":"https:\/\/www.bgilaw.com\/en\/salvador-cabello\/","og_site_name":"BGI LAW","article_publisher":"https:\/\/www.facebook.com\/bgilawabogados","article_modified_time":"2025-05-29T18:45:07+00:00","og_image":[{"width":400,"height":600,"url":"https:\/\/www.bgilaw.com\/wp-content\/uploads\/2025\/03\/salvador_cabello_guillen.webp","type":"image\/webp"}],"twitter_card":"summary_large_image","twitter_site":"@bgilaw","twitter_misc":{"Est. reading time":"2 minutes"},"schema":{"@context":"https:\/\/schema.org","@graph":[{"@type":"WebPage","@id":"https:\/\/www.bgilaw.com\/en\/salvador-cabello\/","url":"https:\/\/www.bgilaw.com\/en\/salvador-cabello\/","name":"SALVADOR CABELLO - BGI LAW","isPartOf":{"@id":"https:\/\/www.bgilaw.com\/en\/#website"},"primaryImageOfPage":{"@id":"https:\/\/www.bgilaw.com\/en\/salvador-cabello\/#primaryimage"},"image":{"@id":"https:\/\/www.bgilaw.com\/en\/salvador-cabello\/#primaryimage"},"thumbnailUrl":"https:\/\/www.bgilaw.com\/wp-content\/uploads\/2025\/03\/salvador_cabello_guillen.webp","datePublished":"2025-03-26T09:27:43+00:00","dateModified":"2025-05-29T18:45:07+00:00","description":"M\u00e1ster de la Abogac\u00eda por la UMA y M\u00e1ster en Derecho de los Negocios, Arbitraje y ADR por el ISDE & Corte de Arbitraje de Madrid.","breadcrumb":{"@id":"https:\/\/www.bgilaw.com\/en\/salvador-cabello\/#breadcrumb"},"inLanguage":"en-US","potentialAction":[{"@type":"ReadAction","target":["https:\/\/www.bgilaw.com\/en\/salvador-cabello\/"]}]},{"@type":"ImageObject","inLanguage":"en-US","@id":"https:\/\/www.bgilaw.com\/en\/salvador-cabello\/#primaryimage","url":"https:\/\/www.bgilaw.com\/wp-content\/uploads\/2025\/03\/salvador_cabello_guillen.webp","contentUrl":"https:\/\/www.bgilaw.com\/wp-content\/uploads\/2025\/03\/salvador_cabello_guillen.webp","width":400,"height":600,"caption":"Salvador Cabello Guill\u00e9n"},{"@type":"BreadcrumbList","@id":"https:\/\/www.bgilaw.com\/en\/salvador-cabello\/#breadcrumb","itemListElement":[{"@type":"ListItem","position":1,"name":"Home","item":"https:\/\/www.bgilaw.com\/en\/"},{"@type":"ListItem","position":2,"name":"SALVADOR CABELLO"}]},{"@type":"WebSite","@id":"https:\/\/www.bgilaw.com\/en\/#website","url":"https:\/\/www.bgilaw.com\/en\/","name":"BGI LAW Abogados","description":"Lawyers","publisher":{"@id":"https:\/\/www.bgilaw.com\/en\/#organization"},"alternateName":"BGILAW","potentialAction":[{"@type":"SearchAction","target":{"@type":"EntryPoint","urlTemplate":"https:\/\/www.bgilaw.com\/en\/?s={search_term_string}"},"query-input":{"@type":"PropertyValueSpecification","valueRequired":true,"valueName":"search_term_string"}}],"inLanguage":"en-US"},{"@type":"Organization","@id":"https:\/\/www.bgilaw.com\/en\/#organization","name":"BGI LAW Abogados","alternateName":"BGI LAW","url":"https:\/\/www.bgilaw.com\/en\/","logo":{"@type":"ImageObject","inLanguage":"en-US","@id":"https:\/\/www.bgilaw.com\/en\/#\/schema\/logo\/image\/","url":"https:\/\/www.bgilaw.com\/wp-content\/uploads\/2023\/06\/logotipo_BGI-LAW_640.png","contentUrl":"https:\/\/www.bgilaw.com\/wp-content\/uploads\/2023\/06\/logotipo_BGI-LAW_640.png","width":640,"height":640,"caption":"BGI LAW Abogados"},"image":{"@id":"https:\/\/www.bgilaw.com\/en\/#\/schema\/logo\/image\/"},"sameAs":["https:\/\/www.facebook.com\/bgilawabogados","https:\/\/x.com\/bgilaw","https:\/\/www.linkedin.com\/company\/bgilaw","https:\/\/www.instagram.com\/bgilaw"]}]}},"_links":{"self":[{"href":"https:\/\/www.bgilaw.com\/en\/wp-json\/wp\/v2\/pages\/7469","targetHints":{"allow":["GET"]}}],"collection":[{"href":"https:\/\/www.bgilaw.com\/en\/wp-json\/wp\/v2\/pages"}],"about":[{"href":"https:\/\/www.bgilaw.com\/en\/wp-json\/wp\/v2\/types\/page"}],"author":[{"embeddable":true,"href":"https:\/\/www.bgilaw.com\/en\/wp-json\/wp\/v2\/users\/2"}],"replies":[{"embeddable":true,"href":"https:\/\/www.bgilaw.com\/en\/wp-json\/wp\/v2\/comments?post=7469"}],"version-history":[{"count":0,"href":"https:\/\/www.bgilaw.com\/en\/wp-json\/wp\/v2\/pages\/7469\/revisions"}],"wp:featuredmedia":[{"embeddable":true,"href":"https:\/\/www.bgilaw.com\/en\/wp-json\/wp\/v2\/media\/7459"}],"wp:attachment":[{"href":"https:\/\/www.bgilaw.com\/en\/wp-json\/wp\/v2\/media?parent=7469"}],"curies":[{"name":"wp","href":"https:\/\/api.w.org\/{rel}","templated":true}]}}